{"id":14,"date":"2019-02-05T17:09:50","date_gmt":"2019-02-05T16:09:50","guid":{"rendered":"http:\/\/rssaintcyrtennis.fr\/?page_id=14"},"modified":"2024-09-23T09:52:41","modified_gmt":"2024-09-23T07:52:41","slug":"la-vie-du-club","status":"publish","type":"page","link":"https:\/\/rssaintcyrtennis.fr\/index.php\/la-vie-du-club\/","title":{"rendered":"La vie du club"},"content":{"rendered":"\t\t<div data-elementor-type=\"wp-page\" data-elementor-id=\"14\" class=\"elementor elementor-14\">\n\t\t\t\t\t\t<div class=\"elementor-inner\">\n\t\t\t\t<div class=\"elementor-section-wrap\">\n\t\t\t\t\t\t\t\t\t<section class=\"elementor-section elementor-top-section elementor-element elementor-element-9f1282c elementor-section-boxed elementor-section-height-default elementor-section-height-default\" data-id=\"9f1282c\" data-element_type=\"section\">\n\t\t\t\t\t\t<div class=\"elementor-container elementor-column-gap-default\">\n\t\t\t\t\t\t\t<div class=\"elementor-row\">\n\t\t\t\t\t<div class=\"elementor-column elementor-col-100 elementor-top-column elementor-element elementor-element-7a4caa8\" data-id=\"7a4caa8\" data-element_type=\"column\">\n\t\t\t<div class=\"elementor-column-wrap elementor-element-populated\">\n\t\t\t\t\t\t\t<div class=\"elementor-widget-wrap\">\n\t\t\t\t\t\t<div class=\"elementor-element elementor-element-f78c6b2 elementor-widget elementor-widget-text-editor\" data-id=\"f78c6b2\" data-element_type=\"widget\" data-widget_type=\"text-editor.default\">\n\t\t\t\t<div class=\"elementor-widget-container\">\n\t\t\t\t\t\t\t\t<div class=\"elementor-text-editor elementor-clearfix\">\n\t\t\t\t<p><span style=\"font-size: 20px;\">\u00a0 \u00a0 \u00a0 \u00a0 \u00a0 \u00a0 \u00a0 \u00a0 \u00a0Bonne rentr\u00e9e tennistique 2024\/2025 \u00e0 tous! A tr\u00e8s bient\u00f4t sur nos courts.<\/span><\/p>\t\t\t\t\t<\/div>\n\t\t\t\t\t\t<\/div>\n\t\t\t\t<\/div>\n\t\t\t\t\t\t<\/div>\n\t\t\t\t\t<\/div>\n\t\t<\/div>\n\t\t\t\t\t\t\t\t<\/div>\n\t\t\t\t\t<\/div>\n\t\t<\/section>\n\t\t\t\t<section class=\"elementor-section elementor-top-section elementor-element elementor-element-1f62621 elementor-section-boxed elementor-section-height-default elementor-section-height-default\" data-id=\"1f62621\" data-element_type=\"section\">\n\t\t\t\t\t\t<div class=\"elementor-container elementor-column-gap-default\">\n\t\t\t\t\t\t\t<div class=\"elementor-row\">\n\t\t\t\t\t<div class=\"elementor-column elementor-col-100 elementor-top-column elementor-element elementor-element-69e304b\" data-id=\"69e304b\" data-element_type=\"column\">\n\t\t\t<div class=\"elementor-column-wrap elementor-element-populated\">\n\t\t\t\t\t\t\t<div class=\"elementor-widget-wrap\">\n\t\t\t\t\t\t<div class=\"elementor-element elementor-element-666c5d1 elementor-widget elementor-widget-image\" data-id=\"666c5d1\" data-element_type=\"widget\" data-widget_type=\"image.default\">\n\t\t\t\t<div class=\"elementor-widget-container\">\n\t\t\t\t\t\t\t\t<div class=\"elementor-image\">\n\t\t\t\t\t\t\t\t\t\t\t\t<img loading=\"lazy\" decoding=\"async\" width=\"1024\" height=\"791\" src=\"https:\/\/rssaintcyrtennis.fr\/wp-content\/uploads\/2024\/09\/2025-calendrier-des-seances_page-0001-1024x791.jpg\" class=\"attachment-large size-large\" alt=\"\" srcset=\"https:\/\/rssaintcyrtennis.fr\/wp-content\/uploads\/2024\/09\/2025-calendrier-des-seances_page-0001-1024x791.jpg 1024w, https:\/\/rssaintcyrtennis.fr\/wp-content\/uploads\/2024\/09\/2025-calendrier-des-seances_page-0001-300x232.jpg 300w, https:\/\/rssaintcyrtennis.fr\/wp-content\/uploads\/2024\/09\/2025-calendrier-des-seances_page-0001-768x593.jpg 768w, https:\/\/rssaintcyrtennis.fr\/wp-content\/uploads\/2024\/09\/2025-calendrier-des-seances_page-0001-1536x1187.jpg 1536w, https:\/\/rssaintcyrtennis.fr\/wp-content\/uploads\/2024\/09\/2025-calendrier-des-seances_page-0001.jpg 1650w\" sizes=\"(max-width: 1024px) 100vw, 1024px\" \/>\t\t\t\t\t\t\t\t\t\t\t\t\t\t<\/div>\n\t\t\t\t\t\t<\/div>\n\t\t\t\t<\/div>\n\t\t\t\t\t\t<\/div>\n\t\t\t\t\t<\/div>\n\t\t<\/div>\n\t\t\t\t\t\t\t\t<\/div>\n\t\t\t\t\t<\/div>\n\t\t<\/section>\n\t\t\t\t<section class=\"elementor-section elementor-top-section elementor-element elementor-element-db466e5 elementor-section-boxed elementor-section-height-default elementor-section-height-default\" data-id=\"db466e5\" data-element_type=\"section\">\n\t\t\t\t\t\t<div class=\"elementor-container elementor-column-gap-default\">\n\t\t\t\t\t\t\t<div class=\"elementor-row\">\n\t\t\t\t\t<div class=\"elementor-column elementor-col-100 elementor-top-column elementor-element elementor-element-09d87ca\" data-id=\"09d87ca\" data-element_type=\"column\">\n\t\t\t<div class=\"elementor-column-wrap\">\n\t\t\t\t\t\t\t<div class=\"elementor-widget-wrap\">\n\t\t\t\t\t\t\t\t<\/div>\n\t\t\t\t\t<\/div>\n\t\t<\/div>\n\t\t\t\t\t\t\t\t<\/div>\n\t\t\t\t\t<\/div>\n\t\t<\/section>\n\t\t\t\t<section class=\"elementor-section elementor-top-section elementor-element elementor-element-9adc89f elementor-section-boxed elementor-section-height-default elementor-section-height-default\" data-id=\"9adc89f\" data-element_type=\"section\">\n\t\t\t\t\t\t<div class=\"elementor-container elementor-column-gap-default\">\n\t\t\t\t\t\t\t<div class=\"elementor-row\">\n\t\t\t\t\t<div class=\"elementor-column elementor-col-100 elementor-top-column elementor-element elementor-element-7d9e33f\" data-id=\"7d9e33f\" data-element_type=\"column\">\n\t\t\t<div class=\"elementor-column-wrap\">\n\t\t\t\t\t\t\t<div class=\"elementor-widget-wrap\">\n\t\t\t\t\t\t\t\t<\/div>\n\t\t\t\t\t<\/div>\n\t\t<\/div>\n\t\t\t\t\t\t\t\t<\/div>\n\t\t\t\t\t<\/div>\n\t\t<\/section>\n\t\t\t\t<section class=\"elementor-section elementor-top-section elementor-element elementor-element-0a9815b elementor-section-boxed elementor-section-height-default elementor-section-height-default\" data-id=\"0a9815b\" data-element_type=\"section\">\n\t\t\t\t\t\t<div class=\"elementor-container elementor-column-gap-default\">\n\t\t\t\t\t\t\t<div class=\"elementor-row\">\n\t\t\t\t\t<div class=\"elementor-column elementor-col-100 elementor-top-column elementor-element elementor-element-655c16d\" data-id=\"655c16d\" data-element_type=\"column\">\n\t\t\t<div class=\"elementor-column-wrap\">\n\t\t\t\t\t\t\t<div class=\"elementor-widget-wrap\">\n\t\t\t\t\t\t\t\t<\/div>\n\t\t\t\t\t<\/div>\n\t\t<\/div>\n\t\t\t\t\t\t\t\t<\/div>\n\t\t\t\t\t<\/div>\n\t\t<\/section>\n\t\t\t\t<section class=\"elementor-section elementor-top-section elementor-element elementor-element-770ab19 elementor-section-boxed elementor-section-height-default elementor-section-height-default\" data-id=\"770ab19\" data-element_type=\"section\">\n\t\t\t\t\t\t<div class=\"elementor-container elementor-column-gap-default\">\n\t\t\t\t\t\t\t<div class=\"elementor-row\">\n\t\t\t\t\t<div class=\"elementor-column elementor-col-100 elementor-top-column elementor-element elementor-element-87372fc\" data-id=\"87372fc\" data-element_type=\"column\">\n\t\t\t<div class=\"elementor-column-wrap\">\n\t\t\t\t\t\t\t<div class=\"elementor-widget-wrap\">\n\t\t\t\t\t\t\t\t<\/div>\n\t\t\t\t\t<\/div>\n\t\t<\/div>\n\t\t\t\t\t\t\t\t<\/div>\n\t\t\t\t\t<\/div>\n\t\t<\/section>\n\t\t\t\t\t\t\t\t\t<\/div>\n\t\t\t<\/div>\n\t\t\t\t\t<\/div>\n\t\t","protected":false},"excerpt":{"rendered":"<p>\u00a0 \u00a0 \u00a0 \u00a0 \u00a0 \u00a0 \u00a0 \u00a0 \u00a0Bonne rentr\u00e9e tennistique 2024\/2025 \u00e0 tous! A tr\u00e8s bient\u00f4t sur nos courts.<\/p>\n","protected":false},"author":1,"featured_media":0,"parent":0,"menu_order":0,"comment_status":"closed","ping_status":"closed","template":"","meta":{"footnotes":""},"yoast_head":"<!-- This site is optimized with the Yoast SEO plugin v19.8 - https:\/\/yoast.com\/wordpress\/plugins\/seo\/ -->\n<title>La vie du club - RS Saint Cyr Tennis<\/title>\n<meta name=\"robots\" content=\"index, follow, max-snippet:-1, max-image-preview:large, max-video-preview:-1\" \/>\n<link rel=\"canonical\" href=\"https:\/\/rssaintcyrtennis.fr\/index.php\/la-vie-du-club\/\" \/>\n<meta property=\"og:locale\" content=\"fr_FR\" \/>\n<meta property=\"og:type\" content=\"article\" \/>\n<meta property=\"og:title\" content=\"La vie du club - RS Saint Cyr Tennis\" \/>\n<meta property=\"og:description\" content=\"\u00a0 \u00a0 \u00a0 \u00a0 \u00a0 \u00a0 \u00a0 \u00a0 \u00a0Bonne rentr\u00e9e tennistique 2024\/2025 \u00e0 tous! A tr\u00e8s bient\u00f4t sur nos courts.\" \/>\n<meta property=\"og:url\" content=\"https:\/\/rssaintcyrtennis.fr\/index.php\/la-vie-du-club\/\" \/>\n<meta property=\"og:site_name\" content=\"RS Saint Cyr Tennis\" \/>\n<meta property=\"article:modified_time\" content=\"2024-09-23T07:52:41+00:00\" \/>\n<meta property=\"og:image\" content=\"http:\/\/rssaintcyrtennis.fr\/wp-content\/uploads\/2024\/09\/2025-calendrier-des-seances_page-0001-1024x791.jpg\" \/>\n<meta name=\"twitter:card\" content=\"summary_large_image\" \/>\n<meta name=\"twitter:label1\" content=\"Dur\u00e9e de lecture estim\u00e9e\" \/>\n\t<meta name=\"twitter:data1\" content=\"2 minutes\" \/>\n<script type=\"application\/ld+json\" class=\"yoast-schema-graph\">{\"@context\":\"https:\/\/schema.org\",\"@graph\":[{\"@type\":\"WebPage\",\"@id\":\"https:\/\/rssaintcyrtennis.fr\/index.php\/la-vie-du-club\/\",\"url\":\"https:\/\/rssaintcyrtennis.fr\/index.php\/la-vie-du-club\/\",\"name\":\"La vie du club - RS Saint Cyr Tennis\",\"isPartOf\":{\"@id\":\"https:\/\/rssaintcyrtennis.fr\/#website\"},\"datePublished\":\"2019-02-05T16:09:50+00:00\",\"dateModified\":\"2024-09-23T07:52:41+00:00\",\"breadcrumb\":{\"@id\":\"https:\/\/rssaintcyrtennis.fr\/index.php\/la-vie-du-club\/#breadcrumb\"},\"inLanguage\":\"fr-FR\",\"potentialAction\":[{\"@type\":\"ReadAction\",\"target\":[\"https:\/\/rssaintcyrtennis.fr\/index.php\/la-vie-du-club\/\"]}]},{\"@type\":\"BreadcrumbList\",\"@id\":\"https:\/\/rssaintcyrtennis.fr\/index.php\/la-vie-du-club\/#breadcrumb\",\"itemListElement\":[{\"@type\":\"ListItem\",\"position\":1,\"name\":\"Accueil\",\"item\":\"https:\/\/rssaintcyrtennis.fr\/\"},{\"@type\":\"ListItem\",\"position\":2,\"name\":\"La vie du club\"}]},{\"@type\":\"WebSite\",\"@id\":\"https:\/\/rssaintcyrtennis.fr\/#website\",\"url\":\"https:\/\/rssaintcyrtennis.fr\/\",\"name\":\"RS Saint Cyr Tennis\",\"description\":\"Tennis club de Saint Cyr sur Loire\",\"potentialAction\":[{\"@type\":\"SearchAction\",\"target\":{\"@type\":\"EntryPoint\",\"urlTemplate\":\"https:\/\/rssaintcyrtennis.fr\/?s={search_term_string}\"},\"query-input\":\"required name=search_term_string\"}],\"inLanguage\":\"fr-FR\"}]}<\/script>\n<!-- \/ Yoast SEO plugin. -->","yoast_head_json":{"title":"La vie du club - RS Saint Cyr Tennis","robots":{"index":"index","follow":"follow","max-snippet":"max-snippet:-1","max-image-preview":"max-image-preview:large","max-video-preview":"max-video-preview:-1"},"canonical":"https:\/\/rssaintcyrtennis.fr\/index.php\/la-vie-du-club\/","og_locale":"fr_FR","og_type":"article","og_title":"La vie du club - RS Saint Cyr Tennis","og_description":"\u00a0 \u00a0 \u00a0 \u00a0 \u00a0 \u00a0 \u00a0 \u00a0 \u00a0Bonne rentr\u00e9e tennistique 2024\/2025 \u00e0 tous! A tr\u00e8s bient\u00f4t sur nos courts.","og_url":"https:\/\/rssaintcyrtennis.fr\/index.php\/la-vie-du-club\/","og_site_name":"RS Saint Cyr Tennis","article_modified_time":"2024-09-23T07:52:41+00:00","og_image":[{"url":"http:\/\/rssaintcyrtennis.fr\/wp-content\/uploads\/2024\/09\/2025-calendrier-des-seances_page-0001-1024x791.jpg"}],"twitter_card":"summary_large_image","twitter_misc":{"Dur\u00e9e de lecture estim\u00e9e":"2 minutes"},"schema":{"@context":"https:\/\/schema.org","@graph":[{"@type":"WebPage","@id":"https:\/\/rssaintcyrtennis.fr\/index.php\/la-vie-du-club\/","url":"https:\/\/rssaintcyrtennis.fr\/index.php\/la-vie-du-club\/","name":"La vie du club - RS Saint Cyr Tennis","isPartOf":{"@id":"https:\/\/rssaintcyrtennis.fr\/#website"},"datePublished":"2019-02-05T16:09:50+00:00","dateModified":"2024-09-23T07:52:41+00:00","breadcrumb":{"@id":"https:\/\/rssaintcyrtennis.fr\/index.php\/la-vie-du-club\/#breadcrumb"},"inLanguage":"fr-FR","potentialAction":[{"@type":"ReadAction","target":["https:\/\/rssaintcyrtennis.fr\/index.php\/la-vie-du-club\/"]}]},{"@type":"BreadcrumbList","@id":"https:\/\/rssaintcyrtennis.fr\/index.php\/la-vie-du-club\/#breadcrumb","itemListElement":[{"@type":"ListItem","position":1,"name":"Accueil","item":"https:\/\/rssaintcyrtennis.fr\/"},{"@type":"ListItem","position":2,"name":"La vie du club"}]},{"@type":"WebSite","@id":"https:\/\/rssaintcyrtennis.fr\/#website","url":"https:\/\/rssaintcyrtennis.fr\/","name":"RS Saint Cyr Tennis","description":"Tennis club de Saint Cyr sur Loire","potentialAction":[{"@type":"SearchAction","target":{"@type":"EntryPoint","urlTemplate":"https:\/\/rssaintcyrtennis.fr\/?s={search_term_string}"},"query-input":"required name=search_term_string"}],"inLanguage":"fr-FR"}]}},"_links":{"self":[{"href":"https:\/\/rssaintcyrtennis.fr\/index.php\/wp-json\/wp\/v2\/pages\/14"}],"collection":[{"href":"https:\/\/rssaintcyrtennis.fr\/index.php\/wp-json\/wp\/v2\/pages"}],"about":[{"href":"https:\/\/rssaintcyrtennis.fr\/index.php\/wp-json\/wp\/v2\/types\/page"}],"author":[{"embeddable":true,"href":"https:\/\/rssaintcyrtennis.fr\/index.php\/wp-json\/wp\/v2\/users\/1"}],"replies":[{"embeddable":true,"href":"https:\/\/rssaintcyrtennis.fr\/index.php\/wp-json\/wp\/v2\/comments?post=14"}],"version-history":[{"count":26,"href":"https:\/\/rssaintcyrtennis.fr\/index.php\/wp-json\/wp\/v2\/pages\/14\/revisions"}],"predecessor-version":[{"id":1006,"href":"https:\/\/rssaintcyrtennis.fr\/index.php\/wp-json\/wp\/v2\/pages\/14\/revisions\/1006"}],"wp:attachment":[{"href":"https:\/\/rssaintcyrtennis.fr\/index.php\/wp-json\/wp\/v2\/media?parent=14"}],"curies":[{"name":"wp","href":"https:\/\/api.w.org\/{rel}","templated":true}]}}