{"id":22,"date":"2019-02-06T15:58:48","date_gmt":"2019-02-06T14:58:48","guid":{"rendered":"http:\/\/rssaintcyrtennis.fr\/?page_id=22"},"modified":"2025-01-10T11:32:50","modified_gmt":"2025-01-10T10:32:50","slug":"votre-club","status":"publish","type":"page","link":"https:\/\/rssaintcyrtennis.fr\/index.php\/votre-club\/","title":{"rendered":"Votre club"},"content":{"rendered":"\t\t<div data-elementor-type=\"wp-post\" data-elementor-id=\"22\" class=\"elementor elementor-22\">\n\t\t\t\t\t\t<div class=\"elementor-inner\">\n\t\t\t\t<div class=\"elementor-section-wrap\">\n\t\t\t\t\t\t\t\t\t<section class=\"elementor-section elementor-top-section elementor-element elementor-element-2a363a2 elementor-section-boxed elementor-section-height-default elementor-section-height-default\" data-id=\"2a363a2\" data-element_type=\"section\">\n\t\t\t\t\t\t<div class=\"elementor-container elementor-column-gap-default\">\n\t\t\t\t\t\t\t<div class=\"elementor-row\">\n\t\t\t\t\t<div class=\"elementor-column elementor-col-100 elementor-top-column elementor-element elementor-element-53f1dcb\" data-id=\"53f1dcb\" data-element_type=\"column\">\n\t\t\t<div class=\"elementor-column-wrap elementor-element-populated\">\n\t\t\t\t\t\t\t<div class=\"elementor-widget-wrap\">\n\t\t\t\t\t\t<div class=\"elementor-element elementor-element-2c54573 elementor-widget elementor-widget-text-editor\" data-id=\"2c54573\" data-element_type=\"widget\" data-widget_type=\"text-editor.default\">\n\t\t\t\t<div class=\"elementor-widget-container\">\n\t\t\t\t\t\t\t\t<div class=\"elementor-text-editor elementor-clearfix\">\n\t\t\t\t<p>Le RS Saint Cyr sur Loire Tennis est un des plus importants clubs de l&rsquo;Indre et Loire. Avec nos 9 courts, nos nombreux tournois et notre \u00e9quipe enseignante performante et investie, pr\u00e8s de 600 adh\u00e9rents viennent jouer au tennis \u00e0 l&rsquo;ann\u00e9e. Cr\u00e9\u00e9 il y plus de 50 ans, le RS Saint Cyr sur Loire Tennis est pr\u00eat \u00e0 vous accueillir !&nbsp;<\/p>\t\t\t\t\t<\/div>\n\t\t\t\t\t\t<\/div>\n\t\t\t\t<\/div>\n\t\t\t\t\t\t<\/div>\n\t\t\t\t\t<\/div>\n\t\t<\/div>\n\t\t\t\t\t\t\t\t<\/div>\n\t\t\t\t\t<\/div>\n\t\t<\/section>\n\t\t\t\t<section class=\"elementor-section elementor-top-section elementor-element elementor-element-6072b91 elementor-section-boxed elementor-section-height-default elementor-section-height-default\" data-id=\"6072b91\" data-element_type=\"section\">\n\t\t\t\t\t\t<div class=\"elementor-container elementor-column-gap-default\">\n\t\t\t\t\t\t\t<div class=\"elementor-row\">\n\t\t\t\t\t<div class=\"elementor-column elementor-col-100 elementor-top-column elementor-element elementor-element-351631ff\" data-id=\"351631ff\" data-element_type=\"column\">\n\t\t\t<div class=\"elementor-column-wrap elementor-element-populated\">\n\t\t\t\t\t\t\t<div class=\"elementor-widget-wrap\">\n\t\t\t\t\t\t<div class=\"elementor-element elementor-element-262727d2 elementor-widget elementor-widget-spacer\" data-id=\"262727d2\" data-element_type=\"widget\" data-widget_type=\"spacer.default\">\n\t\t\t\t<div class=\"elementor-widget-container\">\n\t\t\t\t\t<div class=\"elementor-spacer\">\n\t\t\t<div class=\"elementor-spacer-inner\"><\/div>\n\t\t<\/div>\n\t\t\t\t<\/div>\n\t\t\t\t<\/div>\n\t\t\t\t<div class=\"elementor-element elementor-element-33081a5 elementor-widget elementor-widget-heading\" data-id=\"33081a5\" data-element_type=\"widget\" data-widget_type=\"heading.default\">\n\t\t\t\t<div class=\"elementor-widget-container\">\n\t\t\t<h2 class=\"elementor-heading-title elementor-size-default\">Galeries photos<\/h2>\t\t<\/div>\n\t\t\t\t<\/div>\n\t\t\t\t<div class=\"elementor-element elementor-element-507cb6b7 elementor-widget elementor-widget-spacer\" data-id=\"507cb6b7\" data-element_type=\"widget\" data-widget_type=\"spacer.default\">\n\t\t\t\t<div class=\"elementor-widget-container\">\n\t\t\t\t\t<div class=\"elementor-spacer\">\n\t\t\t<div class=\"elementor-spacer-inner\"><\/div>\n\t\t<\/div>\n\t\t\t\t<\/div>\n\t\t\t\t<\/div>\n\t\t\t\t<div class=\"elementor-element elementor-element-4fd50095 elementor-pagination-position-inside elementor-arrows-position-inside elementor-widget elementor-widget-image-carousel\" data-id=\"4fd50095\" data-element_type=\"widget\" data-settings=\"{&quot;slides_to_show&quot;:&quot;1&quot;,&quot;navigation&quot;:&quot;both&quot;,&quot;autoplay&quot;:&quot;yes&quot;,&quot;pause_on_hover&quot;:&quot;yes&quot;,&quot;pause_on_interaction&quot;:&quot;yes&quot;,&quot;autoplay_speed&quot;:5000,&quot;infinite&quot;:&quot;yes&quot;,&quot;effect&quot;:&quot;slide&quot;,&quot;speed&quot;:500}\" data-widget_type=\"image-carousel.default\">\n\t\t\t\t<div class=\"elementor-widget-container\">\n\t\t\t\t\t<div class=\"elementor-image-carousel-wrapper swiper-container\" dir=\"ltr\">\n\t\t\t<div class=\"elementor-image-carousel swiper-wrapper\">\n\t\t\t\t\t\t\t\t<div class=\"swiper-slide\"><figure class=\"swiper-slide-inner\"><img decoding=\"async\" class=\"swiper-slide-image\" src=\"https:\/\/rssaintcyrtennis.fr\/wp-content\/uploads\/2019\/05\/P1030290-768x576.jpg\" alt=\"Club house\" \/><\/figure><\/div><div class=\"swiper-slide\"><figure class=\"swiper-slide-inner\"><img decoding=\"async\" class=\"swiper-slide-image\" src=\"https:\/\/rssaintcyrtennis.fr\/wp-content\/uploads\/2019\/05\/P1030280-768x576.jpg\" alt=\"P1030280\" \/><\/figure><\/div><div class=\"swiper-slide\"><figure class=\"swiper-slide-inner\"><img decoding=\"async\" class=\"swiper-slide-image\" src=\"https:\/\/rssaintcyrtennis.fr\/wp-content\/uploads\/2019\/05\/P1030278-768x576.jpg\" alt=\"P1030278\" \/><\/figure><\/div><div class=\"swiper-slide\"><figure class=\"swiper-slide-inner\"><img decoding=\"async\" class=\"swiper-slide-image\" src=\"https:\/\/rssaintcyrtennis.fr\/wp-content\/uploads\/2019\/05\/P1030266-768x576.jpg\" alt=\"P1030266\" \/><\/figure><\/div><div class=\"swiper-slide\"><figure class=\"swiper-slide-inner\"><img decoding=\"async\" class=\"swiper-slide-image\" src=\"https:\/\/rssaintcyrtennis.fr\/wp-content\/uploads\/2019\/05\/P1030267-768x576.jpg\" alt=\"P1030267\" \/><\/figure><\/div><div class=\"swiper-slide\"><figure class=\"swiper-slide-inner\"><img decoding=\"async\" class=\"swiper-slide-image\" src=\"https:\/\/rssaintcyrtennis.fr\/wp-content\/uploads\/2019\/05\/P1030268-768x576.jpg\" alt=\"Mur d&#039;entra\u00eenement\" \/><\/figure><\/div><div class=\"swiper-slide\"><figure class=\"swiper-slide-inner\"><img decoding=\"async\" class=\"swiper-slide-image\" src=\"https:\/\/rssaintcyrtennis.fr\/wp-content\/uploads\/2019\/05\/P1030275-768x576.jpg\" alt=\"P1030275\" \/><\/figure><\/div><div class=\"swiper-slide\"><figure class=\"swiper-slide-inner\"><img decoding=\"async\" class=\"swiper-slide-image\" src=\"https:\/\/rssaintcyrtennis.fr\/wp-content\/uploads\/2019\/05\/P1030276-768x576.jpg\" alt=\"P1030276\" \/><\/figure><\/div><div class=\"swiper-slide\"><figure class=\"swiper-slide-inner\"><img decoding=\"async\" class=\"swiper-slide-image\" src=\"https:\/\/rssaintcyrtennis.fr\/wp-content\/uploads\/2019\/05\/P1030277-768x576.jpg\" alt=\"R\u00e9sine Int\u00e9rieur\" \/><\/figure><\/div><div class=\"swiper-slide\"><figure class=\"swiper-slide-inner\"><img decoding=\"async\" class=\"swiper-slide-image\" src=\"https:\/\/rssaintcyrtennis.fr\/wp-content\/uploads\/2019\/05\/P1030270-768x576.jpg\" alt=\"R\u00e9sine int\u00e9rieur\" \/><\/figure><\/div><div class=\"swiper-slide\"><figure class=\"swiper-slide-inner\"><img decoding=\"async\" class=\"swiper-slide-image\" src=\"https:\/\/rssaintcyrtennis.fr\/wp-content\/uploads\/2019\/05\/P1030279-768x576.jpg\" alt=\"Quick Interieur\" \/><\/figure><\/div><div class=\"swiper-slide\"><figure class=\"swiper-slide-inner\"><img decoding=\"async\" class=\"swiper-slide-image\" src=\"https:\/\/rssaintcyrtennis.fr\/wp-content\/uploads\/2019\/05\/P1030287-1-768x576.jpg\" alt=\"Quicks ext\u00e9rieurs\" \/><\/figure><\/div><div class=\"swiper-slide\"><figure class=\"swiper-slide-inner\"><img decoding=\"async\" class=\"swiper-slide-image\" src=\"https:\/\/rssaintcyrtennis.fr\/wp-content\/uploads\/2019\/05\/P1030285-768x576.jpg\" alt=\"Quick Ext\u00e9rieur\" \/><\/figure><\/div><div class=\"swiper-slide\"><figure class=\"swiper-slide-inner\"><img decoding=\"async\" class=\"swiper-slide-image\" src=\"https:\/\/rssaintcyrtennis.fr\/wp-content\/uploads\/2019\/05\/P1030271-768x576.jpg\" alt=\"Terre battue synth\u00e9tique\" \/><\/figure><\/div><div class=\"swiper-slide\"><figure class=\"swiper-slide-inner\"><img decoding=\"async\" class=\"swiper-slide-image\" src=\"https:\/\/rssaintcyrtennis.fr\/wp-content\/uploads\/2019\/05\/P1030272-768x576.jpg\" alt=\"Terre battue synth\u00e9tique\" \/><\/figure><\/div><div class=\"swiper-slide\"><figure class=\"swiper-slide-inner\"><img decoding=\"async\" class=\"swiper-slide-image\" src=\"https:\/\/rssaintcyrtennis.fr\/wp-content\/uploads\/2019\/05\/P1030287-768x576.jpg\" alt=\"Quick Ext\u00e9rieur\" \/><\/figure><\/div><div class=\"swiper-slide\"><figure class=\"swiper-slide-inner\"><img decoding=\"async\" class=\"swiper-slide-image\" src=\"https:\/\/rssaintcyrtennis.fr\/wp-content\/uploads\/2019\/05\/P1030282-768x576.jpg\" alt=\"Quick Ext\u00e9rieur\" \/><\/figure><\/div><div class=\"swiper-slide\"><figure class=\"swiper-slide-inner\"><img decoding=\"async\" class=\"swiper-slide-image\" src=\"https:\/\/rssaintcyrtennis.fr\/wp-content\/uploads\/2022\/10\/IMG_2685-768x576.jpg\" alt=\"3\/4\" \/><\/figure><\/div><div class=\"swiper-slide\"><figure class=\"swiper-slide-inner\"><img decoding=\"async\" class=\"swiper-slide-image\" src=\"https:\/\/rssaintcyrtennis.fr\/wp-content\/uploads\/2022\/10\/IMG_7922-1-768x1024.jpg\" alt=\"5\" \/><\/figure><\/div><div class=\"swiper-slide\"><figure class=\"swiper-slide-inner\"><img decoding=\"async\" class=\"swiper-slide-image\" src=\"https:\/\/rssaintcyrtennis.fr\/wp-content\/uploads\/2022\/10\/IMG_7923-768x1024.jpg\" alt=\"IMG_7923\" \/><\/figure><\/div><div class=\"swiper-slide\"><figure class=\"swiper-slide-inner\"><img decoding=\"async\" class=\"swiper-slide-image\" src=\"https:\/\/rssaintcyrtennis.fr\/wp-content\/uploads\/2024\/06\/IMG_2612.jpg\" alt=\"IMG_2612\" \/><\/figure><\/div><div class=\"swiper-slide\"><figure class=\"swiper-slide-inner\"><img decoding=\"async\" class=\"swiper-slide-image\" src=\"https:\/\/rssaintcyrtennis.fr\/wp-content\/uploads\/2024\/06\/IMG_2594.jpg\" alt=\"IMG_2594\" \/><\/figure><\/div><div class=\"swiper-slide\"><figure class=\"swiper-slide-inner\"><img decoding=\"async\" class=\"swiper-slide-image\" src=\"https:\/\/rssaintcyrtennis.fr\/wp-content\/uploads\/2024\/06\/IMG_2557.jpg\" alt=\"IMG_2557\" \/><\/figure><\/div><div class=\"swiper-slide\"><figure class=\"swiper-slide-inner\"><img decoding=\"async\" class=\"swiper-slide-image\" src=\"https:\/\/rssaintcyrtennis.fr\/wp-content\/uploads\/2024\/06\/IMG_2540.jpg\" alt=\"IMG_2540\" \/><\/figure><\/div><div class=\"swiper-slide\"><figure class=\"swiper-slide-inner\"><img decoding=\"async\" class=\"swiper-slide-image\" src=\"https:\/\/rssaintcyrtennis.fr\/wp-content\/uploads\/2024\/06\/IMG_2569.jpg\" alt=\"IMG_2569\" \/><\/figure><\/div><div class=\"swiper-slide\"><figure class=\"swiper-slide-inner\"><img decoding=\"async\" class=\"swiper-slide-image\" src=\"https:\/\/rssaintcyrtennis.fr\/wp-content\/uploads\/2022\/10\/IMG_2649-768x576.jpg\" alt=\"IMG_2649\" \/><\/figure><\/div>\t\t\t<\/div>\n\t\t\t\t\t\t\t\t\t\t\t\t<div class=\"swiper-pagination\"><\/div>\n\t\t\t\t\t\t\t\t\t\t\t\t\t<div class=\"elementor-swiper-button elementor-swiper-button-prev\">\n\t\t\t\t\t\t<i aria-hidden=\"true\" class=\"eicon-chevron-left\"><\/i>\t\t\t\t\t\t<span class=\"elementor-screen-only\">Pr\u00e9c\u00e9dent<\/span>\n\t\t\t\t\t<\/div>\n\t\t\t\t\t<div class=\"elementor-swiper-button elementor-swiper-button-next\">\n\t\t\t\t\t\t<i aria-hidden=\"true\" class=\"eicon-chevron-right\"><\/i>\t\t\t\t\t\t<span class=\"elementor-screen-only\">Suivant<\/span>\n\t\t\t\t\t<\/div>\n\t\t\t\t\t\t\t\t\t<\/div>\n\t\t\t\t<\/div>\n\t\t\t\t<\/div>\n\t\t\t\t\t\t<\/div>\n\t\t\t\t\t<\/div>\n\t\t<\/div>\n\t\t\t\t\t\t\t\t<\/div>\n\t\t\t\t\t<\/div>\n\t\t<\/section>\n\t\t\t\t\t\t\t\t\t<\/div>\n\t\t\t<\/div>\n\t\t\t\t\t<\/div>\n\t\t","protected":false},"excerpt":{"rendered":"<p>Le RS Saint Cyr sur Loire Tennis est un des plus importants clubs de l&rsquo;Indre et Loire. Avec nos 9 courts, nos nombreux tournois et notre \u00e9quipe enseignante performante et investie, pr\u00e8s de 600 adh\u00e9rents viennent jouer au tennis \u00e0 l&rsquo;ann\u00e9e. Cr\u00e9\u00e9 il y plus de 50 ans, le RS Saint Cyr sur Loire Tennis [&hellip;]<\/p>\n","protected":false},"author":1,"featured_media":0,"parent":0,"menu_order":0,"comment_status":"closed","ping_status":"closed","template":"","meta":{"footnotes":""},"yoast_head":"<!-- This site is optimized with the Yoast SEO plugin v19.8 - https:\/\/yoast.com\/wordpress\/plugins\/seo\/ -->\n<title>Votre club - RS Saint Cyr Tennis<\/title>\n<meta name=\"description\" content=\"Le RSSC Tennis de Saint-Cyr-sur-Loire vous accueille tout au long de l&#039;ann\u00e9e pour vous offrir la possibilit\u00e9 de pratiquer le tennis.\" \/>\n<meta name=\"robots\" content=\"index, follow, max-snippet:-1, max-image-preview:large, max-video-preview:-1\" \/>\n<link rel=\"canonical\" href=\"https:\/\/rssaintcyrtennis.fr\/index.php\/votre-club\/\" \/>\n<meta property=\"og:locale\" content=\"fr_FR\" \/>\n<meta property=\"og:type\" content=\"article\" \/>\n<meta property=\"og:title\" content=\"Votre club - RS Saint Cyr Tennis\" \/>\n<meta property=\"og:description\" content=\"Le RSSC Tennis de Saint-Cyr-sur-Loire vous accueille tout au long de l&#039;ann\u00e9e pour vous offrir la possibilit\u00e9 de pratiquer le tennis.\" \/>\n<meta property=\"og:url\" content=\"https:\/\/rssaintcyrtennis.fr\/index.php\/votre-club\/\" \/>\n<meta property=\"og:site_name\" content=\"RS Saint Cyr Tennis\" \/>\n<meta property=\"article:modified_time\" content=\"2025-01-10T10:32:50+00:00\" \/>\n<meta property=\"og:image\" content=\"http:\/\/rssaintcyrtennis.fr\/wp-content\/uploads\/2019\/05\/P1030290-768x576.jpg\" \/>\n<meta name=\"twitter:card\" content=\"summary_large_image\" \/>\n<meta name=\"twitter:label1\" content=\"Dur\u00e9e de lecture estim\u00e9e\" \/>\n\t<meta name=\"twitter:data1\" content=\"5 minutes\" \/>\n<script type=\"application\/ld+json\" class=\"yoast-schema-graph\">{\"@context\":\"https:\/\/schema.org\",\"@graph\":[{\"@type\":\"WebPage\",\"@id\":\"https:\/\/rssaintcyrtennis.fr\/index.php\/votre-club\/\",\"url\":\"https:\/\/rssaintcyrtennis.fr\/index.php\/votre-club\/\",\"name\":\"Votre club - RS Saint Cyr Tennis\",\"isPartOf\":{\"@id\":\"https:\/\/rssaintcyrtennis.fr\/#website\"},\"datePublished\":\"2019-02-06T14:58:48+00:00\",\"dateModified\":\"2025-01-10T10:32:50+00:00\",\"description\":\"Le RSSC Tennis de Saint-Cyr-sur-Loire vous accueille tout au long de l'ann\u00e9e pour vous offrir la possibilit\u00e9 de pratiquer le tennis.\",\"breadcrumb\":{\"@id\":\"https:\/\/rssaintcyrtennis.fr\/index.php\/votre-club\/#breadcrumb\"},\"inLanguage\":\"fr-FR\",\"potentialAction\":[{\"@type\":\"ReadAction\",\"target\":[\"https:\/\/rssaintcyrtennis.fr\/index.php\/votre-club\/\"]}]},{\"@type\":\"BreadcrumbList\",\"@id\":\"https:\/\/rssaintcyrtennis.fr\/index.php\/votre-club\/#breadcrumb\",\"itemListElement\":[{\"@type\":\"ListItem\",\"position\":1,\"name\":\"Accueil\",\"item\":\"https:\/\/rssaintcyrtennis.fr\/\"},{\"@type\":\"ListItem\",\"position\":2,\"name\":\"Votre club\"}]},{\"@type\":\"WebSite\",\"@id\":\"https:\/\/rssaintcyrtennis.fr\/#website\",\"url\":\"https:\/\/rssaintcyrtennis.fr\/\",\"name\":\"RS Saint Cyr Tennis\",\"description\":\"Tennis club de Saint Cyr sur Loire\",\"potentialAction\":[{\"@type\":\"SearchAction\",\"target\":{\"@type\":\"EntryPoint\",\"urlTemplate\":\"https:\/\/rssaintcyrtennis.fr\/?s={search_term_string}\"},\"query-input\":\"required name=search_term_string\"}],\"inLanguage\":\"fr-FR\"}]}<\/script>\n<!-- \/ Yoast SEO plugin. -->","yoast_head_json":{"title":"Votre club - RS Saint Cyr Tennis","description":"Le RSSC Tennis de Saint-Cyr-sur-Loire vous accueille tout au long de l'ann\u00e9e pour vous offrir la possibilit\u00e9 de pratiquer le tennis.","robots":{"index":"index","follow":"follow","max-snippet":"max-snippet:-1","max-image-preview":"max-image-preview:large","max-video-preview":"max-video-preview:-1"},"canonical":"https:\/\/rssaintcyrtennis.fr\/index.php\/votre-club\/","og_locale":"fr_FR","og_type":"article","og_title":"Votre club - RS Saint Cyr Tennis","og_description":"Le RSSC Tennis de Saint-Cyr-sur-Loire vous accueille tout au long de l'ann\u00e9e pour vous offrir la possibilit\u00e9 de pratiquer le tennis.","og_url":"https:\/\/rssaintcyrtennis.fr\/index.php\/votre-club\/","og_site_name":"RS Saint Cyr Tennis","article_modified_time":"2025-01-10T10:32:50+00:00","og_image":[{"url":"http:\/\/rssaintcyrtennis.fr\/wp-content\/uploads\/2019\/05\/P1030290-768x576.jpg"}],"twitter_card":"summary_large_image","twitter_misc":{"Dur\u00e9e de lecture estim\u00e9e":"5 minutes"},"schema":{"@context":"https:\/\/schema.org","@graph":[{"@type":"WebPage","@id":"https:\/\/rssaintcyrtennis.fr\/index.php\/votre-club\/","url":"https:\/\/rssaintcyrtennis.fr\/index.php\/votre-club\/","name":"Votre club - RS Saint Cyr Tennis","isPartOf":{"@id":"https:\/\/rssaintcyrtennis.fr\/#website"},"datePublished":"2019-02-06T14:58:48+00:00","dateModified":"2025-01-10T10:32:50+00:00","description":"Le RSSC Tennis de Saint-Cyr-sur-Loire vous accueille tout au long de l'ann\u00e9e pour vous offrir la possibilit\u00e9 de pratiquer le tennis.","breadcrumb":{"@id":"https:\/\/rssaintcyrtennis.fr\/index.php\/votre-club\/#breadcrumb"},"inLanguage":"fr-FR","potentialAction":[{"@type":"ReadAction","target":["https:\/\/rssaintcyrtennis.fr\/index.php\/votre-club\/"]}]},{"@type":"BreadcrumbList","@id":"https:\/\/rssaintcyrtennis.fr\/index.php\/votre-club\/#breadcrumb","itemListElement":[{"@type":"ListItem","position":1,"name":"Accueil","item":"https:\/\/rssaintcyrtennis.fr\/"},{"@type":"ListItem","position":2,"name":"Votre club"}]},{"@type":"WebSite","@id":"https:\/\/rssaintcyrtennis.fr\/#website","url":"https:\/\/rssaintcyrtennis.fr\/","name":"RS Saint Cyr Tennis","description":"Tennis club de Saint Cyr sur Loire","potentialAction":[{"@type":"SearchAction","target":{"@type":"EntryPoint","urlTemplate":"https:\/\/rssaintcyrtennis.fr\/?s={search_term_string}"},"query-input":"required name=search_term_string"}],"inLanguage":"fr-FR"}]}},"_links":{"self":[{"href":"https:\/\/rssaintcyrtennis.fr\/index.php\/wp-json\/wp\/v2\/pages\/22"}],"collection":[{"href":"https:\/\/rssaintcyrtennis.fr\/index.php\/wp-json\/wp\/v2\/pages"}],"about":[{"href":"https:\/\/rssaintcyrtennis.fr\/index.php\/wp-json\/wp\/v2\/types\/page"}],"author":[{"embeddable":true,"href":"https:\/\/rssaintcyrtennis.fr\/index.php\/wp-json\/wp\/v2\/users\/1"}],"replies":[{"embeddable":true,"href":"https:\/\/rssaintcyrtennis.fr\/index.php\/wp-json\/wp\/v2\/comments?post=22"}],"version-history":[{"count":20,"href":"https:\/\/rssaintcyrtennis.fr\/index.php\/wp-json\/wp\/v2\/pages\/22\/revisions"}],"predecessor-version":[{"id":1080,"href":"https:\/\/rssaintcyrtennis.fr\/index.php\/wp-json\/wp\/v2\/pages\/22\/revisions\/1080"}],"wp:attachment":[{"href":"https:\/\/rssaintcyrtennis.fr\/index.php\/wp-json\/wp\/v2\/media?parent=22"}],"curies":[{"name":"wp","href":"https:\/\/api.w.org\/{rel}","templated":true}]}}