{"id":24,"date":"2019-02-06T16:00:52","date_gmt":"2019-02-06T15:00:52","guid":{"rendered":"http:\/\/rssaintcyrtennis.fr\/?page_id=24"},"modified":"2025-01-10T10:55:55","modified_gmt":"2025-01-10T09:55:55","slug":"votre-equipe-dirigeante","status":"publish","type":"page","link":"https:\/\/rssaintcyrtennis.fr\/index.php\/votre-equipe-dirigeante\/","title":{"rendered":"Notre \u00e9quipe dirigeante"},"content":{"rendered":"\t\t<div data-elementor-type=\"wp-post\" data-elementor-id=\"24\" class=\"elementor elementor-24\">\n\t\t\t\t\t\t<div class=\"elementor-inner\">\n\t\t\t\t<div class=\"elementor-section-wrap\">\n\t\t\t\t\t\t\t\t\t<section class=\"elementor-section elementor-top-section elementor-element elementor-element-77c71cb elementor-section-boxed elementor-section-height-default elementor-section-height-default\" data-id=\"77c71cb\" data-element_type=\"section\">\n\t\t\t\t\t\t<div class=\"elementor-container elementor-column-gap-default\">\n\t\t\t\t\t\t\t<div class=\"elementor-row\">\n\t\t\t\t\t<div class=\"elementor-column elementor-col-100 elementor-top-column elementor-element elementor-element-3eac926\" data-id=\"3eac926\" data-element_type=\"column\">\n\t\t\t<div class=\"elementor-column-wrap elementor-element-populated\">\n\t\t\t\t\t\t\t<div class=\"elementor-widget-wrap\">\n\t\t\t\t\t\t<div class=\"elementor-element elementor-element-73ba87a elementor-widget elementor-widget-heading\" data-id=\"73ba87a\" data-element_type=\"widget\" data-widget_type=\"heading.default\">\n\t\t\t\t<div class=\"elementor-widget-container\">\n\t\t\t<h2 class=\"elementor-heading-title elementor-size-default\">Le bureau <\/h2>\t\t<\/div>\n\t\t\t\t<\/div>\n\t\t\t\t<div class=\"elementor-element elementor-element-8627298 elementor-widget-divider--view-line elementor-widget elementor-widget-divider\" data-id=\"8627298\" data-element_type=\"widget\" data-widget_type=\"divider.default\">\n\t\t\t\t<div class=\"elementor-widget-container\">\n\t\t\t\t\t<div class=\"elementor-divider\">\n\t\t\t<span class=\"elementor-divider-separator\">\n\t\t\t\t\t\t<\/span>\n\t\t<\/div>\n\t\t\t\t<\/div>\n\t\t\t\t<\/div>\n\t\t\t\t<div class=\"elementor-element elementor-element-649786e elementor-widget elementor-widget-spacer\" data-id=\"649786e\" data-element_type=\"widget\" data-widget_type=\"spacer.default\">\n\t\t\t\t<div class=\"elementor-widget-container\">\n\t\t\t\t\t<div class=\"elementor-spacer\">\n\t\t\t<div class=\"elementor-spacer-inner\"><\/div>\n\t\t<\/div>\n\t\t\t\t<\/div>\n\t\t\t\t<\/div>\n\t\t\t\t<div class=\"elementor-element elementor-element-0aab266 elementor-widget elementor-widget-text-editor\" data-id=\"0aab266\" data-element_type=\"widget\" data-widget_type=\"text-editor.default\">\n\t\t\t\t<div class=\"elementor-widget-container\">\n\t\t\t\t\t\t\t\t<div class=\"elementor-text-editor elementor-clearfix\">\n\t\t\t\t<p>Le comit\u00e9 Directeur est actuellement compos\u00e9 de 9 membres b\u00e9n\u00e9voles, assurant la gestion du personnel, l\u2019organisation du secr\u00e9tariat, le suivi de la comptabilit\u00e9\u2026 Le Bureau restreint, qui comprend l&rsquo;ensemble des dirigeants, se r\u00e9unit environ 5 fois par an mais reste en contact permanent par mail et lors des diff\u00e9rents \u00e9v\u00e9nements qui donnent vie au club.\u00a0<\/p>\t\t\t\t\t<\/div>\n\t\t\t\t\t\t<\/div>\n\t\t\t\t<\/div>\n\t\t\t\t<div class=\"elementor-element elementor-element-74f527b elementor-widget elementor-widget-spacer\" data-id=\"74f527b\" data-element_type=\"widget\" data-widget_type=\"spacer.default\">\n\t\t\t\t<div class=\"elementor-widget-container\">\n\t\t\t\t\t<div class=\"elementor-spacer\">\n\t\t\t<div class=\"elementor-spacer-inner\"><\/div>\n\t\t<\/div>\n\t\t\t\t<\/div>\n\t\t\t\t<\/div>\n\t\t\t\t<div class=\"elementor-element elementor-element-fe53c8c elementor-widget elementor-widget-image\" data-id=\"fe53c8c\" data-element_type=\"widget\" data-widget_type=\"image.default\">\n\t\t\t\t<div class=\"elementor-widget-container\">\n\t\t\t\t\t\t\t\t<div class=\"elementor-image\">\n\t\t\t\t\t\t\t\t\t\t\t\t<img loading=\"lazy\" decoding=\"async\" width=\"1024\" height=\"768\" src=\"https:\/\/rssaintcyrtennis.fr\/wp-content\/uploads\/2025\/01\/bureau-rssc-2025.jpg\" class=\"attachment-large size-large\" alt=\"\" srcset=\"https:\/\/rssaintcyrtennis.fr\/wp-content\/uploads\/2025\/01\/bureau-rssc-2025.jpg 1024w, https:\/\/rssaintcyrtennis.fr\/wp-content\/uploads\/2025\/01\/bureau-rssc-2025-300x225.jpg 300w, https:\/\/rssaintcyrtennis.fr\/wp-content\/uploads\/2025\/01\/bureau-rssc-2025-768x576.jpg 768w\" sizes=\"(max-width: 1024px) 100vw, 1024px\" \/>\t\t\t\t\t\t\t\t\t\t\t\t\t\t<\/div>\n\t\t\t\t\t\t<\/div>\n\t\t\t\t<\/div>\n\t\t\t\t\t\t<\/div>\n\t\t\t\t\t<\/div>\n\t\t<\/div>\n\t\t\t\t\t\t\t\t<\/div>\n\t\t\t\t\t<\/div>\n\t\t<\/section>\n\t\t\t\t<section class=\"elementor-section elementor-top-section elementor-element elementor-element-ab721f6 elementor-section-boxed elementor-section-height-default elementor-section-height-default\" data-id=\"ab721f6\" data-element_type=\"section\">\n\t\t\t\t\t\t<div class=\"elementor-container elementor-column-gap-default\">\n\t\t\t\t\t\t\t<div class=\"elementor-row\">\n\t\t\t\t\t<div class=\"elementor-column elementor-col-100 elementor-top-column elementor-element elementor-element-8f1f81b\" data-id=\"8f1f81b\" data-element_type=\"column\">\n\t\t\t<div class=\"elementor-column-wrap elementor-element-populated\">\n\t\t\t\t\t\t\t<div class=\"elementor-widget-wrap\">\n\t\t\t\t\t\t<div class=\"elementor-element elementor-element-37302d3 elementor-widget elementor-widget-spacer\" data-id=\"37302d3\" data-element_type=\"widget\" data-widget_type=\"spacer.default\">\n\t\t\t\t<div class=\"elementor-widget-container\">\n\t\t\t\t\t<div class=\"elementor-spacer\">\n\t\t\t<div class=\"elementor-spacer-inner\"><\/div>\n\t\t<\/div>\n\t\t\t\t<\/div>\n\t\t\t\t<\/div>\n\t\t\t\t\t\t<\/div>\n\t\t\t\t\t<\/div>\n\t\t<\/div>\n\t\t\t\t\t\t\t\t<\/div>\n\t\t\t\t\t<\/div>\n\t\t<\/section>\n\t\t\t\t<section class=\"elementor-section elementor-top-section elementor-element elementor-element-408a03b elementor-section-boxed elementor-section-height-default elementor-section-height-default\" data-id=\"408a03b\" data-element_type=\"section\">\n\t\t\t\t\t\t<div class=\"elementor-container elementor-column-gap-default\">\n\t\t\t\t\t\t\t<div class=\"elementor-row\">\n\t\t\t\t\t<div class=\"elementor-column elementor-col-100 elementor-top-column elementor-element elementor-element-228c63c\" data-id=\"228c63c\" data-element_type=\"column\">\n\t\t\t<div class=\"elementor-column-wrap\">\n\t\t\t\t\t\t\t<div class=\"elementor-widget-wrap\">\n\t\t\t\t\t\t\t\t<\/div>\n\t\t\t\t\t<\/div>\n\t\t<\/div>\n\t\t\t\t\t\t\t\t<\/div>\n\t\t\t\t\t<\/div>\n\t\t<\/section>\n\t\t\t\t\t\t\t\t\t<\/div>\n\t\t\t<\/div>\n\t\t\t\t\t<\/div>\n\t\t","protected":false},"excerpt":{"rendered":"<p>Le bureau Le comit\u00e9 Directeur est actuellement compos\u00e9 de 9 membres b\u00e9n\u00e9voles, assurant la gestion du personnel, l\u2019organisation du secr\u00e9tariat, le suivi de la comptabilit\u00e9\u2026 Le Bureau restreint, qui comprend l&rsquo;ensemble des dirigeants, se r\u00e9unit environ 5 fois par an mais reste en contact permanent par mail et lors des diff\u00e9rents \u00e9v\u00e9nements qui donnent vie [&hellip;]<\/p>\n","protected":false},"author":1,"featured_media":0,"parent":0,"menu_order":0,"comment_status":"closed","ping_status":"closed","template":"","meta":{"footnotes":""},"yoast_head":"<!-- This site is optimized with the Yoast SEO plugin v19.8 - https:\/\/yoast.com\/wordpress\/plugins\/seo\/ -->\n<title>Notre \u00e9quipe dirigeante - RS Saint Cyr Tennis<\/title>\n<meta name=\"robots\" content=\"index, follow, max-snippet:-1, max-image-preview:large, max-video-preview:-1\" \/>\n<link rel=\"canonical\" href=\"https:\/\/rssaintcyrtennis.fr\/index.php\/votre-equipe-dirigeante\/\" \/>\n<meta property=\"og:locale\" content=\"fr_FR\" \/>\n<meta property=\"og:type\" content=\"article\" \/>\n<meta property=\"og:title\" content=\"Notre \u00e9quipe dirigeante - RS Saint Cyr Tennis\" \/>\n<meta property=\"og:description\" content=\"Le bureau Le comit\u00e9 Directeur est actuellement compos\u00e9 de 9 membres b\u00e9n\u00e9voles, assurant la gestion du personnel, l\u2019organisation du secr\u00e9tariat, le suivi de la comptabilit\u00e9\u2026 Le Bureau restreint, qui comprend l&rsquo;ensemble des dirigeants, se r\u00e9unit environ 5 fois par an mais reste en contact permanent par mail et lors des diff\u00e9rents \u00e9v\u00e9nements qui donnent vie [&hellip;]\" \/>\n<meta property=\"og:url\" content=\"https:\/\/rssaintcyrtennis.fr\/index.php\/votre-equipe-dirigeante\/\" \/>\n<meta property=\"og:site_name\" content=\"RS Saint Cyr Tennis\" \/>\n<meta property=\"article:modified_time\" content=\"2025-01-10T09:55:55+00:00\" \/>\n<meta property=\"og:image\" content=\"http:\/\/rssaintcyrtennis.fr\/wp-content\/uploads\/2025\/01\/bureau-rssc-2025.jpg\" \/>\n<meta name=\"twitter:card\" content=\"summary_large_image\" \/>\n<meta name=\"twitter:label1\" content=\"Dur\u00e9e de lecture estim\u00e9e\" \/>\n\t<meta name=\"twitter:data1\" content=\"1 minute\" \/>\n<script type=\"application\/ld+json\" class=\"yoast-schema-graph\">{\"@context\":\"https:\/\/schema.org\",\"@graph\":[{\"@type\":\"WebPage\",\"@id\":\"https:\/\/rssaintcyrtennis.fr\/index.php\/votre-equipe-dirigeante\/\",\"url\":\"https:\/\/rssaintcyrtennis.fr\/index.php\/votre-equipe-dirigeante\/\",\"name\":\"Notre \u00e9quipe dirigeante - RS Saint Cyr Tennis\",\"isPartOf\":{\"@id\":\"https:\/\/rssaintcyrtennis.fr\/#website\"},\"datePublished\":\"2019-02-06T15:00:52+00:00\",\"dateModified\":\"2025-01-10T09:55:55+00:00\",\"breadcrumb\":{\"@id\":\"https:\/\/rssaintcyrtennis.fr\/index.php\/votre-equipe-dirigeante\/#breadcrumb\"},\"inLanguage\":\"fr-FR\",\"potentialAction\":[{\"@type\":\"ReadAction\",\"target\":[\"https:\/\/rssaintcyrtennis.fr\/index.php\/votre-equipe-dirigeante\/\"]}]},{\"@type\":\"BreadcrumbList\",\"@id\":\"https:\/\/rssaintcyrtennis.fr\/index.php\/votre-equipe-dirigeante\/#breadcrumb\",\"itemListElement\":[{\"@type\":\"ListItem\",\"position\":1,\"name\":\"Accueil\",\"item\":\"https:\/\/rssaintcyrtennis.fr\/\"},{\"@type\":\"ListItem\",\"position\":2,\"name\":\"Notre \u00e9quipe dirigeante\"}]},{\"@type\":\"WebSite\",\"@id\":\"https:\/\/rssaintcyrtennis.fr\/#website\",\"url\":\"https:\/\/rssaintcyrtennis.fr\/\",\"name\":\"RS Saint Cyr Tennis\",\"description\":\"Tennis club de Saint Cyr sur Loire\",\"potentialAction\":[{\"@type\":\"SearchAction\",\"target\":{\"@type\":\"EntryPoint\",\"urlTemplate\":\"https:\/\/rssaintcyrtennis.fr\/?s={search_term_string}\"},\"query-input\":\"required name=search_term_string\"}],\"inLanguage\":\"fr-FR\"}]}<\/script>\n<!-- \/ Yoast SEO plugin. -->","yoast_head_json":{"title":"Notre \u00e9quipe dirigeante - RS Saint Cyr Tennis","robots":{"index":"index","follow":"follow","max-snippet":"max-snippet:-1","max-image-preview":"max-image-preview:large","max-video-preview":"max-video-preview:-1"},"canonical":"https:\/\/rssaintcyrtennis.fr\/index.php\/votre-equipe-dirigeante\/","og_locale":"fr_FR","og_type":"article","og_title":"Notre \u00e9quipe dirigeante - RS Saint Cyr Tennis","og_description":"Le bureau Le comit\u00e9 Directeur est actuellement compos\u00e9 de 9 membres b\u00e9n\u00e9voles, assurant la gestion du personnel, l\u2019organisation du secr\u00e9tariat, le suivi de la comptabilit\u00e9\u2026 Le Bureau restreint, qui comprend l&rsquo;ensemble des dirigeants, se r\u00e9unit environ 5 fois par an mais reste en contact permanent par mail et lors des diff\u00e9rents \u00e9v\u00e9nements qui donnent vie [&hellip;]","og_url":"https:\/\/rssaintcyrtennis.fr\/index.php\/votre-equipe-dirigeante\/","og_site_name":"RS Saint Cyr Tennis","article_modified_time":"2025-01-10T09:55:55+00:00","og_image":[{"url":"http:\/\/rssaintcyrtennis.fr\/wp-content\/uploads\/2025\/01\/bureau-rssc-2025.jpg"}],"twitter_card":"summary_large_image","twitter_misc":{"Dur\u00e9e de lecture estim\u00e9e":"1 minute"},"schema":{"@context":"https:\/\/schema.org","@graph":[{"@type":"WebPage","@id":"https:\/\/rssaintcyrtennis.fr\/index.php\/votre-equipe-dirigeante\/","url":"https:\/\/rssaintcyrtennis.fr\/index.php\/votre-equipe-dirigeante\/","name":"Notre \u00e9quipe dirigeante - RS Saint Cyr Tennis","isPartOf":{"@id":"https:\/\/rssaintcyrtennis.fr\/#website"},"datePublished":"2019-02-06T15:00:52+00:00","dateModified":"2025-01-10T09:55:55+00:00","breadcrumb":{"@id":"https:\/\/rssaintcyrtennis.fr\/index.php\/votre-equipe-dirigeante\/#breadcrumb"},"inLanguage":"fr-FR","potentialAction":[{"@type":"ReadAction","target":["https:\/\/rssaintcyrtennis.fr\/index.php\/votre-equipe-dirigeante\/"]}]},{"@type":"BreadcrumbList","@id":"https:\/\/rssaintcyrtennis.fr\/index.php\/votre-equipe-dirigeante\/#breadcrumb","itemListElement":[{"@type":"ListItem","position":1,"name":"Accueil","item":"https:\/\/rssaintcyrtennis.fr\/"},{"@type":"ListItem","position":2,"name":"Notre \u00e9quipe dirigeante"}]},{"@type":"WebSite","@id":"https:\/\/rssaintcyrtennis.fr\/#website","url":"https:\/\/rssaintcyrtennis.fr\/","name":"RS Saint Cyr Tennis","description":"Tennis club de Saint Cyr sur Loire","potentialAction":[{"@type":"SearchAction","target":{"@type":"EntryPoint","urlTemplate":"https:\/\/rssaintcyrtennis.fr\/?s={search_term_string}"},"query-input":"required name=search_term_string"}],"inLanguage":"fr-FR"}]}},"_links":{"self":[{"href":"https:\/\/rssaintcyrtennis.fr\/index.php\/wp-json\/wp\/v2\/pages\/24"}],"collection":[{"href":"https:\/\/rssaintcyrtennis.fr\/index.php\/wp-json\/wp\/v2\/pages"}],"about":[{"href":"https:\/\/rssaintcyrtennis.fr\/index.php\/wp-json\/wp\/v2\/types\/page"}],"author":[{"embeddable":true,"href":"https:\/\/rssaintcyrtennis.fr\/index.php\/wp-json\/wp\/v2\/users\/1"}],"replies":[{"embeddable":true,"href":"https:\/\/rssaintcyrtennis.fr\/index.php\/wp-json\/wp\/v2\/comments?post=24"}],"version-history":[{"count":33,"href":"https:\/\/rssaintcyrtennis.fr\/index.php\/wp-json\/wp\/v2\/pages\/24\/revisions"}],"predecessor-version":[{"id":1037,"href":"https:\/\/rssaintcyrtennis.fr\/index.php\/wp-json\/wp\/v2\/pages\/24\/revisions\/1037"}],"wp:attachment":[{"href":"https:\/\/rssaintcyrtennis.fr\/index.php\/wp-json\/wp\/v2\/media?parent=24"}],"curies":[{"name":"wp","href":"https:\/\/api.w.org\/{rel}","templated":true}]}}