{"id":876,"date":"2024-02-06T14:17:50","date_gmt":"2024-02-06T13:17:50","guid":{"rendered":"http:\/\/rssaintcyrtennis.fr\/?page_id=876"},"modified":"2026-03-27T10:05:37","modified_gmt":"2026-03-27T09:05:37","slug":"activites-au-club","status":"publish","type":"page","link":"https:\/\/rssaintcyrtennis.fr\/index.php\/activites-au-club\/","title":{"rendered":"Notre actualit\u00e9"},"content":{"rendered":"\t\t<div data-elementor-type=\"wp-page\" data-elementor-id=\"876\" class=\"elementor elementor-876\">\n\t\t\t\t\t\t<div class=\"elementor-inner\">\n\t\t\t\t<div class=\"elementor-section-wrap\">\n\t\t\t\t\t\t\t\t\t<section class=\"elementor-section elementor-top-section elementor-element elementor-element-e619124 elementor-section-boxed elementor-section-height-default elementor-section-height-default\" data-id=\"e619124\" data-element_type=\"section\">\n\t\t\t\t\t\t<div class=\"elementor-container elementor-column-gap-default\">\n\t\t\t\t\t\t\t<div class=\"elementor-row\">\n\t\t\t\t\t<div class=\"elementor-column elementor-col-100 elementor-top-column elementor-element elementor-element-3baae0d\" data-id=\"3baae0d\" data-element_type=\"column\">\n\t\t\t<div class=\"elementor-column-wrap elementor-element-populated\">\n\t\t\t\t\t\t\t<div class=\"elementor-widget-wrap\">\n\t\t\t\t\t\t<div class=\"elementor-element elementor-element-f0d2c58 elementor-widget elementor-widget-heading\" data-id=\"f0d2c58\" data-element_type=\"widget\" data-widget_type=\"heading.default\">\n\t\t\t\t<div class=\"elementor-widget-container\">\n\t\t\t<h2 class=\"elementor-heading-title elementor-size-default\">Nos activit\u00e9s sur l'ann\u00e9e 2025\/2026 <\/h2>\t\t<\/div>\n\t\t\t\t<\/div>\n\t\t\t\t\t\t<\/div>\n\t\t\t\t\t<\/div>\n\t\t<\/div>\n\t\t\t\t\t\t\t\t<\/div>\n\t\t\t\t\t<\/div>\n\t\t<\/section>\n\t\t\t\t<section class=\"elementor-section elementor-top-section elementor-element elementor-element-a89e25d elementor-section-boxed elementor-section-height-default elementor-section-height-default\" data-id=\"a89e25d\" data-element_type=\"section\">\n\t\t\t\t\t\t<div class=\"elementor-container elementor-column-gap-default\">\n\t\t\t\t\t\t\t<div class=\"elementor-row\">\n\t\t\t\t\t<div class=\"elementor-column elementor-col-100 elementor-top-column elementor-element elementor-element-0af0ff1\" data-id=\"0af0ff1\" data-element_type=\"column\">\n\t\t\t<div class=\"elementor-column-wrap elementor-element-populated\">\n\t\t\t\t\t\t\t<div class=\"elementor-widget-wrap\">\n\t\t\t\t\t\t<div class=\"elementor-element elementor-element-fbe0ce5 elementor-widget elementor-widget-heading\" data-id=\"fbe0ce5\" data-element_type=\"widget\" data-widget_type=\"heading.default\">\n\t\t\t\t<div class=\"elementor-widget-container\">\n\t\t\t<h2 class=\"elementor-heading-title elementor-size-default\">Stages de tennis accessibles \u00e0 tous !<\/h2>\t\t<\/div>\n\t\t\t\t<\/div>\n\t\t\t\t\t\t<\/div>\n\t\t\t\t\t<\/div>\n\t\t<\/div>\n\t\t\t\t\t\t\t\t<\/div>\n\t\t\t\t\t<\/div>\n\t\t<\/section>\n\t\t\t\t<section class=\"elementor-section elementor-top-section elementor-element elementor-element-5a0ff92 elementor-section-boxed elementor-section-height-default elementor-section-height-default\" data-id=\"5a0ff92\" data-element_type=\"section\">\n\t\t\t\t\t\t<div class=\"elementor-container elementor-column-gap-default\">\n\t\t\t\t\t\t\t<div class=\"elementor-row\">\n\t\t\t\t\t<div class=\"elementor-column elementor-col-100 elementor-top-column elementor-element elementor-element-85e7015\" data-id=\"85e7015\" data-element_type=\"column\">\n\t\t\t<div class=\"elementor-column-wrap elementor-element-populated\">\n\t\t\t\t\t\t\t<div class=\"elementor-widget-wrap\">\n\t\t\t\t\t\t<div class=\"elementor-element elementor-element-27b418c elementor-widget elementor-widget-image\" data-id=\"27b418c\" data-element_type=\"widget\" data-widget_type=\"image.default\">\n\t\t\t\t<div class=\"elementor-widget-container\">\n\t\t\t\t\t\t\t\t<div class=\"elementor-image\">\n\t\t\t\t\t\t\t\t\t\t\t\t<img loading=\"lazy\" decoding=\"async\" width=\"1414\" height=\"2000\" src=\"https:\/\/rssaintcyrtennis.fr\/wp-content\/uploads\/2026\/03\/Affiche-stages-avril1.png\" class=\"attachment-full size-full\" alt=\"\" srcset=\"https:\/\/rssaintcyrtennis.fr\/wp-content\/uploads\/2026\/03\/Affiche-stages-avril1.png 1414w, https:\/\/rssaintcyrtennis.fr\/wp-content\/uploads\/2026\/03\/Affiche-stages-avril1-212x300.png 212w, https:\/\/rssaintcyrtennis.fr\/wp-content\/uploads\/2026\/03\/Affiche-stages-avril1-724x1024.png 724w, https:\/\/rssaintcyrtennis.fr\/wp-content\/uploads\/2026\/03\/Affiche-stages-avril1-768x1086.png 768w, https:\/\/rssaintcyrtennis.fr\/wp-content\/uploads\/2026\/03\/Affiche-stages-avril1-1086x1536.png 1086w\" sizes=\"(max-width: 1414px) 100vw, 1414px\" \/>\t\t\t\t\t\t\t\t\t\t\t\t\t\t<\/div>\n\t\t\t\t\t\t<\/div>\n\t\t\t\t<\/div>\n\t\t\t\t\t\t<\/div>\n\t\t\t\t\t<\/div>\n\t\t<\/div>\n\t\t\t\t\t\t\t\t<\/div>\n\t\t\t\t\t<\/div>\n\t\t<\/section>\n\t\t\t\t<section class=\"elementor-section elementor-top-section elementor-element elementor-element-9cf681d elementor-section-boxed elementor-section-height-default elementor-section-height-default\" data-id=\"9cf681d\" data-element_type=\"section\">\n\t\t\t\t\t\t<div class=\"elementor-container elementor-column-gap-default\">\n\t\t\t\t\t\t\t<div class=\"elementor-row\">\n\t\t\t\t\t<div class=\"elementor-column elementor-col-100 elementor-top-column elementor-element elementor-element-68ce41e\" data-id=\"68ce41e\" data-element_type=\"column\">\n\t\t\t<div class=\"elementor-column-wrap\">\n\t\t\t\t\t\t\t<div class=\"elementor-widget-wrap\">\n\t\t\t\t\t\t\t\t<\/div>\n\t\t\t\t\t<\/div>\n\t\t<\/div>\n\t\t\t\t\t\t\t\t<\/div>\n\t\t\t\t\t<\/div>\n\t\t<\/section>\n\t\t\t\t<section class=\"elementor-section elementor-top-section elementor-element elementor-element-2ac9d65 elementor-section-boxed elementor-section-height-default elementor-section-height-default\" data-id=\"2ac9d65\" data-element_type=\"section\">\n\t\t\t\t\t\t<div class=\"elementor-container elementor-column-gap-default\">\n\t\t\t\t\t\t\t<div class=\"elementor-row\">\n\t\t\t\t\t<div class=\"elementor-column elementor-col-100 elementor-top-column elementor-element elementor-element-0753e9c\" data-id=\"0753e9c\" data-element_type=\"column\">\n\t\t\t<div class=\"elementor-column-wrap elementor-element-populated\">\n\t\t\t\t\t\t\t<div class=\"elementor-widget-wrap\">\n\t\t\t\t\t\t<div class=\"elementor-element elementor-element-2b11a31 elementor-widget elementor-widget-heading\" data-id=\"2b11a31\" data-element_type=\"widget\" data-widget_type=\"heading.default\">\n\t\t\t\t<div class=\"elementor-widget-container\">\n\t\t\t<h2 class=\"elementor-heading-title elementor-size-default\">Nos archives  <\/h2>\t\t<\/div>\n\t\t\t\t<\/div>\n\t\t\t\t\t\t<\/div>\n\t\t\t\t\t<\/div>\n\t\t<\/div>\n\t\t\t\t\t\t\t\t<\/div>\n\t\t\t\t\t<\/div>\n\t\t<\/section>\n\t\t\t\t<section class=\"elementor-section elementor-top-section elementor-element elementor-element-23d2813 elementor-section-boxed elementor-section-height-default elementor-section-height-default\" data-id=\"23d2813\" data-element_type=\"section\">\n\t\t\t\t\t\t<div class=\"elementor-container elementor-column-gap-default\">\n\t\t\t\t\t\t\t<div class=\"elementor-row\">\n\t\t\t\t\t<div class=\"elementor-column elementor-col-33 elementor-top-column elementor-element elementor-element-335b417\" data-id=\"335b417\" data-element_type=\"column\">\n\t\t\t<div class=\"elementor-column-wrap elementor-element-populated\">\n\t\t\t\t\t\t\t<div class=\"elementor-widget-wrap\">\n\t\t\t\t\t\t<div class=\"elementor-element elementor-element-4049d7d elementor-widget elementor-widget-image\" data-id=\"4049d7d\" data-element_type=\"widget\" data-widget_type=\"image.default\">\n\t\t\t\t<div class=\"elementor-widget-container\">\n\t\t\t\t\t\t\t\t<div class=\"elementor-image\">\n\t\t\t\t\t\t\t\t\t\t\t\t<img loading=\"lazy\" decoding=\"async\" width=\"1024\" height=\"1024\" src=\"https:\/\/rssaintcyrtennis.fr\/wp-content\/uploads\/2025\/01\/bowling-2025-1024x1024.jpg\" class=\"attachment-large size-large\" alt=\"\" srcset=\"https:\/\/rssaintcyrtennis.fr\/wp-content\/uploads\/2025\/01\/bowling-2025-1024x1024.jpg 1024w, https:\/\/rssaintcyrtennis.fr\/wp-content\/uploads\/2025\/01\/bowling-2025-300x300.jpg 300w, https:\/\/rssaintcyrtennis.fr\/wp-content\/uploads\/2025\/01\/bowling-2025-150x150.jpg 150w, https:\/\/rssaintcyrtennis.fr\/wp-content\/uploads\/2025\/01\/bowling-2025-768x768.jpg 768w, https:\/\/rssaintcyrtennis.fr\/wp-content\/uploads\/2025\/01\/bowling-2025.jpg 1080w\" sizes=\"(max-width: 1024px) 100vw, 1024px\" \/>\t\t\t\t\t\t\t\t\t\t\t\t\t\t<\/div>\n\t\t\t\t\t\t<\/div>\n\t\t\t\t<\/div>\n\t\t\t\t\t\t<\/div>\n\t\t\t\t\t<\/div>\n\t\t<\/div>\n\t\t\t\t<div class=\"elementor-column elementor-col-33 elementor-top-column elementor-element elementor-element-fe2087f\" data-id=\"fe2087f\" data-element_type=\"column\">\n\t\t\t<div class=\"elementor-column-wrap elementor-element-populated\">\n\t\t\t\t\t\t\t<div class=\"elementor-widget-wrap\">\n\t\t\t\t\t\t<div class=\"elementor-element elementor-element-bec6c6b elementor-widget elementor-widget-image\" data-id=\"bec6c6b\" data-element_type=\"widget\" data-widget_type=\"image.default\">\n\t\t\t\t<div class=\"elementor-widget-container\">\n\t\t\t\t\t\t\t\t<div class=\"elementor-image\">\n\t\t\t\t\t\t\t\t\t\t\t\t<img loading=\"lazy\" decoding=\"async\" width=\"1080\" height=\"1080\" src=\"https:\/\/rssaintcyrtennis.fr\/wp-content\/uploads\/2025\/01\/Jeu-set-et-match.png\" class=\"attachment-2048x2048 size-2048x2048\" alt=\"\" srcset=\"https:\/\/rssaintcyrtennis.fr\/wp-content\/uploads\/2025\/01\/Jeu-set-et-match.png 1080w, https:\/\/rssaintcyrtennis.fr\/wp-content\/uploads\/2025\/01\/Jeu-set-et-match-300x300.png 300w, https:\/\/rssaintcyrtennis.fr\/wp-content\/uploads\/2025\/01\/Jeu-set-et-match-1024x1024.png 1024w, https:\/\/rssaintcyrtennis.fr\/wp-content\/uploads\/2025\/01\/Jeu-set-et-match-150x150.png 150w, https:\/\/rssaintcyrtennis.fr\/wp-content\/uploads\/2025\/01\/Jeu-set-et-match-768x768.png 768w\" sizes=\"(max-width: 1080px) 100vw, 1080px\" \/>\t\t\t\t\t\t\t\t\t\t\t\t\t\t<\/div>\n\t\t\t\t\t\t<\/div>\n\t\t\t\t<\/div>\n\t\t\t\t\t\t<\/div>\n\t\t\t\t\t<\/div>\n\t\t<\/div>\n\t\t\t\t<div class=\"elementor-column elementor-col-33 elementor-top-column elementor-element elementor-element-3a9ac0d\" data-id=\"3a9ac0d\" data-element_type=\"column\">\n\t\t\t<div class=\"elementor-column-wrap elementor-element-populated\">\n\t\t\t\t\t\t\t<div class=\"elementor-widget-wrap\">\n\t\t\t\t\t\t<div class=\"elementor-element elementor-element-a660913 elementor-widget elementor-widget-image\" data-id=\"a660913\" data-element_type=\"widget\" data-widget_type=\"image.default\">\n\t\t\t\t<div class=\"elementor-widget-container\">\n\t\t\t\t\t\t\t\t<div class=\"elementor-image\">\n\t\t\t\t\t\t\t\t\t\t\t\t<img loading=\"lazy\" decoding=\"async\" width=\"768\" height=\"1086\" src=\"https:\/\/rssaintcyrtennis.fr\/wp-content\/uploads\/2023\/12\/92ACE488AB893D4A4EDE84E53E4E8C90_page-0001-768x1086.jpg\" class=\"attachment-medium_large size-medium_large\" alt=\"\" srcset=\"https:\/\/rssaintcyrtennis.fr\/wp-content\/uploads\/2023\/12\/92ACE488AB893D4A4EDE84E53E4E8C90_page-0001-768x1086.jpg 768w, https:\/\/rssaintcyrtennis.fr\/wp-content\/uploads\/2023\/12\/92ACE488AB893D4A4EDE84E53E4E8C90_page-0001-212x300.jpg 212w, https:\/\/rssaintcyrtennis.fr\/wp-content\/uploads\/2023\/12\/92ACE488AB893D4A4EDE84E53E4E8C90_page-0001-724x1024.jpg 724w, https:\/\/rssaintcyrtennis.fr\/wp-content\/uploads\/2023\/12\/92ACE488AB893D4A4EDE84E53E4E8C90_page-0001-1086x1536.jpg 1086w, https:\/\/rssaintcyrtennis.fr\/wp-content\/uploads\/2023\/12\/92ACE488AB893D4A4EDE84E53E4E8C90_page-0001-1448x2048.jpg 1448w, https:\/\/rssaintcyrtennis.fr\/wp-content\/uploads\/2023\/12\/92ACE488AB893D4A4EDE84E53E4E8C90_page-0001-scaled.jpg 1810w\" sizes=\"(max-width: 768px) 100vw, 768px\" \/>\t\t\t\t\t\t\t\t\t\t\t\t\t\t<\/div>\n\t\t\t\t\t\t<\/div>\n\t\t\t\t<\/div>\n\t\t\t\t\t\t<\/div>\n\t\t\t\t\t<\/div>\n\t\t<\/div>\n\t\t\t\t\t\t\t\t<\/div>\n\t\t\t\t\t<\/div>\n\t\t<\/section>\n\t\t\t\t<section class=\"elementor-section elementor-top-section elementor-element elementor-element-1cd3ff6 elementor-section-boxed elementor-section-height-default elementor-section-height-default\" data-id=\"1cd3ff6\" data-element_type=\"section\">\n\t\t\t\t\t\t<div class=\"elementor-container elementor-column-gap-default\">\n\t\t\t\t\t\t\t<div class=\"elementor-row\">\n\t\t\t\t\t<div class=\"elementor-column elementor-col-100 elementor-top-column elementor-element elementor-element-8b429c1\" data-id=\"8b429c1\" data-element_type=\"column\">\n\t\t\t<div class=\"elementor-column-wrap elementor-element-populated\">\n\t\t\t\t\t\t\t<div class=\"elementor-widget-wrap\">\n\t\t\t\t\t\t<div class=\"elementor-element elementor-element-582a69d elementor-arrows-position-inside elementor-pagination-position-outside elementor-widget elementor-widget-image-carousel\" data-id=\"582a69d\" data-element_type=\"widget\" data-settings=\"{&quot;navigation&quot;:&quot;both&quot;,&quot;autoplay&quot;:&quot;yes&quot;,&quot;pause_on_hover&quot;:&quot;yes&quot;,&quot;pause_on_interaction&quot;:&quot;yes&quot;,&quot;autoplay_speed&quot;:5000,&quot;infinite&quot;:&quot;yes&quot;,&quot;speed&quot;:500}\" data-widget_type=\"image-carousel.default\">\n\t\t\t\t<div class=\"elementor-widget-container\">\n\t\t\t\t\t<div class=\"elementor-image-carousel-wrapper swiper-container\" dir=\"ltr\">\n\t\t\t<div class=\"elementor-image-carousel swiper-wrapper\">\n\t\t\t\t\t\t\t\t<div class=\"swiper-slide\"><figure class=\"swiper-slide-inner\"><img decoding=\"async\" class=\"swiper-slide-image\" src=\"https:\/\/rssaintcyrtennis.fr\/wp-content\/uploads\/2025\/01\/interne-2024-150x150.jpg\" alt=\"interne 2024\" \/><\/figure><\/div><div class=\"swiper-slide\"><figure class=\"swiper-slide-inner\"><img decoding=\"async\" class=\"swiper-slide-image\" src=\"https:\/\/rssaintcyrtennis.fr\/wp-content\/uploads\/2025\/01\/open-hier-2024-150x150.jpg\" alt=\"open hier 2024\" \/><\/figure><\/div><div class=\"swiper-slide\"><figure class=\"swiper-slide-inner\"><img decoding=\"async\" class=\"swiper-slide-image\" src=\"https:\/\/rssaintcyrtennis.fr\/wp-content\/uploads\/2025\/01\/stage-23-150x150.jpg\" alt=\"stage 23\" \/><\/figure><\/div><div class=\"swiper-slide\"><figure class=\"swiper-slide-inner\"><img decoding=\"async\" class=\"swiper-slide-image\" src=\"https:\/\/rssaintcyrtennis.fr\/wp-content\/uploads\/2025\/01\/rmrg-2-1-150x150.jpg\" alt=\"rmrg 2\" \/><\/figure><\/div><div class=\"swiper-slide\"><figure class=\"swiper-slide-inner\"><img decoding=\"async\" class=\"swiper-slide-image\" src=\"https:\/\/rssaintcyrtennis.fr\/wp-content\/uploads\/2025\/01\/stage-20-150x150.jpg\" alt=\"stage 20\" \/><\/figure><\/div><div class=\"swiper-slide\"><figure class=\"swiper-slide-inner\"><img decoding=\"async\" class=\"swiper-slide-image\" src=\"https:\/\/rssaintcyrtennis.fr\/wp-content\/uploads\/2025\/01\/equipo-150x150.jpg\" alt=\"equipo\" \/><\/figure><\/div><div class=\"swiper-slide\"><figure class=\"swiper-slide-inner\"><img decoding=\"async\" class=\"swiper-slide-image\" src=\"https:\/\/rssaintcyrtennis.fr\/wp-content\/uploads\/2025\/01\/plateaux-150x150.jpg\" alt=\"plateaux\" \/><\/figure><\/div><div class=\"swiper-slide\"><figure class=\"swiper-slide-inner\"><img decoding=\"async\" class=\"swiper-slide-image\" src=\"https:\/\/rssaintcyrtennis.fr\/wp-content\/uploads\/2025\/01\/laser-150x150.jpg\" alt=\"laser\" \/><\/figure><\/div><div class=\"swiper-slide\"><figure class=\"swiper-slide-inner\"><img decoding=\"async\" class=\"swiper-slide-image\" src=\"https:\/\/rssaintcyrtennis.fr\/wp-content\/uploads\/2025\/01\/tenis-23-150x150.jpg\" alt=\"tenis 23\" \/><\/figure><\/div><div class=\"swiper-slide\"><figure class=\"swiper-slide-inner\"><img decoding=\"async\" class=\"swiper-slide-image\" src=\"https:\/\/rssaintcyrtennis.fr\/wp-content\/uploads\/2025\/01\/stage-22-150x150.jpg\" alt=\"stage 22\" \/><\/figure><\/div><div class=\"swiper-slide\"><figure class=\"swiper-slide-inner\"><img decoding=\"async\" class=\"swiper-slide-image\" src=\"https:\/\/rssaintcyrtennis.fr\/wp-content\/uploads\/2025\/01\/rmrg-150x150.jpg\" alt=\"rmrg\" \/><\/figure><\/div><div class=\"swiper-slide\"><figure class=\"swiper-slide-inner\"><img decoding=\"async\" class=\"swiper-slide-image\" src=\"https:\/\/rssaintcyrtennis.fr\/wp-content\/uploads\/2025\/01\/paul-ceols-equipejpg-150x150.jpg\" alt=\"paul ceols equipejpg\" \/><\/figure><\/div><div class=\"swiper-slide\"><figure class=\"swiper-slide-inner\"><img decoding=\"async\" class=\"swiper-slide-image\" src=\"https:\/\/rssaintcyrtennis.fr\/wp-content\/uploads\/2025\/01\/rmrg-2-150x150.jpg\" alt=\"rmrg 2\" \/><\/figure><\/div><div class=\"swiper-slide\"><figure class=\"swiper-slide-inner\"><img decoding=\"async\" class=\"swiper-slide-image\" src=\"https:\/\/rssaintcyrtennis.fr\/wp-content\/uploads\/2025\/01\/rm-rg-3-150x150.jpg\" alt=\"rm rg 3\" \/><\/figure><\/div><div class=\"swiper-slide\"><figure class=\"swiper-slide-inner\"><img decoding=\"async\" class=\"swiper-slide-image\" src=\"https:\/\/rssaintcyrtennis.fr\/wp-content\/uploads\/2025\/01\/louis-equipe-2025-150x150.jpg\" alt=\"louis equipe 2025\" \/><\/figure><\/div><div class=\"swiper-slide\"><figure class=\"swiper-slide-inner\"><img decoding=\"async\" class=\"swiper-slide-image\" src=\"https:\/\/rssaintcyrtennis.fr\/wp-content\/uploads\/2025\/01\/IMG-20240704-WA0006-150x150.jpg\" alt=\"IMG-20240704-WA0006\" \/><\/figure><\/div><div class=\"swiper-slide\"><figure class=\"swiper-slide-inner\"><img decoding=\"async\" class=\"swiper-slide-image\" src=\"https:\/\/rssaintcyrtennis.fr\/wp-content\/uploads\/2025\/01\/plt-150x150.jpg\" alt=\"plt\" \/><\/figure><\/div>\t\t\t<\/div>\n\t\t\t\t\t\t\t\t\t\t\t\t<div class=\"swiper-pagination\"><\/div>\n\t\t\t\t\t\t\t\t\t\t\t\t\t<div class=\"elementor-swiper-button elementor-swiper-button-prev\">\n\t\t\t\t\t\t<i aria-hidden=\"true\" class=\"eicon-chevron-left\"><\/i>\t\t\t\t\t\t<span class=\"elementor-screen-only\">Pr\u00e9c\u00e9dent<\/span>\n\t\t\t\t\t<\/div>\n\t\t\t\t\t<div class=\"elementor-swiper-button elementor-swiper-button-next\">\n\t\t\t\t\t\t<i aria-hidden=\"true\" class=\"eicon-chevron-right\"><\/i>\t\t\t\t\t\t<span class=\"elementor-screen-only\">Suivant<\/span>\n\t\t\t\t\t<\/div>\n\t\t\t\t\t\t\t\t\t<\/div>\n\t\t\t\t<\/div>\n\t\t\t\t<\/div>\n\t\t\t\t\t\t<\/div>\n\t\t\t\t\t<\/div>\n\t\t<\/div>\n\t\t\t\t\t\t\t\t<\/div>\n\t\t\t\t\t<\/div>\n\t\t<\/section>\n\t\t\t\t\t\t\t\t\t<\/div>\n\t\t\t<\/div>\n\t\t\t\t\t<\/div>\n\t\t","protected":false},"excerpt":{"rendered":"<p>Nos activit\u00e9s sur l&rsquo;ann\u00e9e 2025\/2026 Stages de tennis accessibles \u00e0 tous ! Nos archives Pr\u00e9c\u00e9dent Suivant<\/p>\n","protected":false},"author":3,"featured_media":0,"parent":0,"menu_order":0,"comment_status":"closed","ping_status":"closed","template":"","meta":{"footnotes":""},"yoast_head":"<!-- This site is optimized with the Yoast SEO plugin v19.8 - https:\/\/yoast.com\/wordpress\/plugins\/seo\/ -->\n<title>Notre actualit\u00e9 - RS Saint Cyr Tennis<\/title>\n<meta name=\"robots\" content=\"index, follow, max-snippet:-1, max-image-preview:large, max-video-preview:-1\" \/>\n<link rel=\"canonical\" href=\"https:\/\/rssaintcyrtennis.fr\/index.php\/activites-au-club\/\" \/>\n<meta property=\"og:locale\" content=\"fr_FR\" \/>\n<meta property=\"og:type\" content=\"article\" \/>\n<meta property=\"og:title\" content=\"Notre actualit\u00e9 - RS Saint Cyr Tennis\" \/>\n<meta property=\"og:description\" content=\"Nos activit\u00e9s sur l&rsquo;ann\u00e9e 2025\/2026 Stages de tennis accessibles \u00e0 tous ! Nos archives Pr\u00e9c\u00e9dent Suivant\" \/>\n<meta property=\"og:url\" content=\"https:\/\/rssaintcyrtennis.fr\/index.php\/activites-au-club\/\" \/>\n<meta property=\"og:site_name\" content=\"RS Saint Cyr Tennis\" \/>\n<meta property=\"article:modified_time\" content=\"2026-03-27T09:05:37+00:00\" \/>\n<meta property=\"og:image\" content=\"http:\/\/rssaintcyrtennis.fr\/wp-content\/uploads\/2026\/03\/Affiche-stages-avril1.png\" \/>\n<meta name=\"twitter:card\" content=\"summary_large_image\" \/>\n<script type=\"application\/ld+json\" class=\"yoast-schema-graph\">{\"@context\":\"https:\/\/schema.org\",\"@graph\":[{\"@type\":\"WebPage\",\"@id\":\"https:\/\/rssaintcyrtennis.fr\/index.php\/activites-au-club\/\",\"url\":\"https:\/\/rssaintcyrtennis.fr\/index.php\/activites-au-club\/\",\"name\":\"Notre actualit\u00e9 - RS Saint Cyr Tennis\",\"isPartOf\":{\"@id\":\"https:\/\/rssaintcyrtennis.fr\/#website\"},\"datePublished\":\"2024-02-06T13:17:50+00:00\",\"dateModified\":\"2026-03-27T09:05:37+00:00\",\"breadcrumb\":{\"@id\":\"https:\/\/rssaintcyrtennis.fr\/index.php\/activites-au-club\/#breadcrumb\"},\"inLanguage\":\"fr-FR\",\"potentialAction\":[{\"@type\":\"ReadAction\",\"target\":[\"https:\/\/rssaintcyrtennis.fr\/index.php\/activites-au-club\/\"]}]},{\"@type\":\"BreadcrumbList\",\"@id\":\"https:\/\/rssaintcyrtennis.fr\/index.php\/activites-au-club\/#breadcrumb\",\"itemListElement\":[{\"@type\":\"ListItem\",\"position\":1,\"name\":\"Accueil\",\"item\":\"https:\/\/rssaintcyrtennis.fr\/\"},{\"@type\":\"ListItem\",\"position\":2,\"name\":\"Notre actualit\u00e9\"}]},{\"@type\":\"WebSite\",\"@id\":\"https:\/\/rssaintcyrtennis.fr\/#website\",\"url\":\"https:\/\/rssaintcyrtennis.fr\/\",\"name\":\"RS Saint Cyr Tennis\",\"description\":\"Tennis club de Saint Cyr sur Loire\",\"potentialAction\":[{\"@type\":\"SearchAction\",\"target\":{\"@type\":\"EntryPoint\",\"urlTemplate\":\"https:\/\/rssaintcyrtennis.fr\/?s={search_term_string}\"},\"query-input\":\"required name=search_term_string\"}],\"inLanguage\":\"fr-FR\"}]}<\/script>\n<!-- \/ Yoast SEO plugin. -->","yoast_head_json":{"title":"Notre actualit\u00e9 - RS Saint Cyr Tennis","robots":{"index":"index","follow":"follow","max-snippet":"max-snippet:-1","max-image-preview":"max-image-preview:large","max-video-preview":"max-video-preview:-1"},"canonical":"https:\/\/rssaintcyrtennis.fr\/index.php\/activites-au-club\/","og_locale":"fr_FR","og_type":"article","og_title":"Notre actualit\u00e9 - RS Saint Cyr Tennis","og_description":"Nos activit\u00e9s sur l&rsquo;ann\u00e9e 2025\/2026 Stages de tennis accessibles \u00e0 tous ! Nos archives Pr\u00e9c\u00e9dent Suivant","og_url":"https:\/\/rssaintcyrtennis.fr\/index.php\/activites-au-club\/","og_site_name":"RS Saint Cyr Tennis","article_modified_time":"2026-03-27T09:05:37+00:00","og_image":[{"url":"http:\/\/rssaintcyrtennis.fr\/wp-content\/uploads\/2026\/03\/Affiche-stages-avril1.png"}],"twitter_card":"summary_large_image","schema":{"@context":"https:\/\/schema.org","@graph":[{"@type":"WebPage","@id":"https:\/\/rssaintcyrtennis.fr\/index.php\/activites-au-club\/","url":"https:\/\/rssaintcyrtennis.fr\/index.php\/activites-au-club\/","name":"Notre actualit\u00e9 - RS Saint Cyr Tennis","isPartOf":{"@id":"https:\/\/rssaintcyrtennis.fr\/#website"},"datePublished":"2024-02-06T13:17:50+00:00","dateModified":"2026-03-27T09:05:37+00:00","breadcrumb":{"@id":"https:\/\/rssaintcyrtennis.fr\/index.php\/activites-au-club\/#breadcrumb"},"inLanguage":"fr-FR","potentialAction":[{"@type":"ReadAction","target":["https:\/\/rssaintcyrtennis.fr\/index.php\/activites-au-club\/"]}]},{"@type":"BreadcrumbList","@id":"https:\/\/rssaintcyrtennis.fr\/index.php\/activites-au-club\/#breadcrumb","itemListElement":[{"@type":"ListItem","position":1,"name":"Accueil","item":"https:\/\/rssaintcyrtennis.fr\/"},{"@type":"ListItem","position":2,"name":"Notre actualit\u00e9"}]},{"@type":"WebSite","@id":"https:\/\/rssaintcyrtennis.fr\/#website","url":"https:\/\/rssaintcyrtennis.fr\/","name":"RS Saint Cyr Tennis","description":"Tennis club de Saint Cyr sur Loire","potentialAction":[{"@type":"SearchAction","target":{"@type":"EntryPoint","urlTemplate":"https:\/\/rssaintcyrtennis.fr\/?s={search_term_string}"},"query-input":"required name=search_term_string"}],"inLanguage":"fr-FR"}]}},"_links":{"self":[{"href":"https:\/\/rssaintcyrtennis.fr\/index.php\/wp-json\/wp\/v2\/pages\/876"}],"collection":[{"href":"https:\/\/rssaintcyrtennis.fr\/index.php\/wp-json\/wp\/v2\/pages"}],"about":[{"href":"https:\/\/rssaintcyrtennis.fr\/index.php\/wp-json\/wp\/v2\/types\/page"}],"author":[{"embeddable":true,"href":"https:\/\/rssaintcyrtennis.fr\/index.php\/wp-json\/wp\/v2\/users\/3"}],"replies":[{"embeddable":true,"href":"https:\/\/rssaintcyrtennis.fr\/index.php\/wp-json\/wp\/v2\/comments?post=876"}],"version-history":[{"count":57,"href":"https:\/\/rssaintcyrtennis.fr\/index.php\/wp-json\/wp\/v2\/pages\/876\/revisions"}],"predecessor-version":[{"id":1146,"href":"https:\/\/rssaintcyrtennis.fr\/index.php\/wp-json\/wp\/v2\/pages\/876\/revisions\/1146"}],"wp:attachment":[{"href":"https:\/\/rssaintcyrtennis.fr\/index.php\/wp-json\/wp\/v2\/media?parent=876"}],"curies":[{"name":"wp","href":"https:\/\/api.w.org\/{rel}","templated":true}]}}